{"id":242,"date":"2020-10-06T07:35:27","date_gmt":"2020-10-06T07:35:27","guid":{"rendered":"https:\/\/dr-holger-hein.de\/reloaded\/home\/"},"modified":"2026-05-13T17:40:22","modified_gmt":"2026-05-13T15:40:22","slug":"home","status":"publish","type":"page","link":"https:\/\/dr-holger-hein.de\/reloaded\/","title":{"rendered":"BAG Pneumologie \/ Schlafmedizin Dr. Holger Hein \/ Olaf Borlich"},"content":{"rendered":"\n<div style=\"height:128px\" aria-hidden=\"true\" class=\"wp-block-spacer\"><\/div>\n\n\n\n<div class=\"wp-block-uagb-image uagb-block-c1776fe5 wp-block-uagb-image--layout-overlay wp-block-uagb-image--effect-zoomin wp-block-uagb-image--align-none\"><figure class=\"wp-block-uagb-image__figure\"><img decoding=\"async\" srcset=\"https:\/\/dr-holger-hein.de\/reloaded\/wp-content\/uploads\/2024\/05\/IMG_0615-2.jpg ,https:\/\/dr-holger-hein.de\/reloaded\/wp-content\/uploads\/2024\/05\/IMG_0615-2.jpg 780w, https:\/\/dr-holger-hein.de\/reloaded\/wp-content\/uploads\/2024\/05\/IMG_0615-2.jpg 360w\" sizes=\"auto, (max-width: 480px) 150px\" src=\"https:\/\/dr-holger-hein.de\/reloaded\/wp-content\/uploads\/2024\/05\/IMG_0615-2.jpg\" alt=\"\" class=\"uag-image-1279\" width=\"2048\" height=\"1536\" title=\"IMG_0615-2\" loading=\"lazy\" role=\"img\"\/><div class=\"wp-block-uagb-image--layout-overlay__color-wrapper\"><\/div><div class=\"wp-block-uagb-image--layout-overlay__inner center-center\"><h2 class=\"uagb-image-heading\">BAG Pneumologie \/ Schlafmedizin  Dr. Holger Hein\/Olaf Borlich<\/h2><\/div><\/figure><\/div>\n\n\n\n<div class=\"wp-block-cover alignfull\" style=\"margin-top:0;margin-bottom:0;padding-top:20px;padding-right:20px;padding-bottom:20px;padding-left:20px\"><span aria-hidden=\"true\" class=\"wp-block-cover__background has-ast-global-color-5-background-color has-background-dim-60 has-background-dim\"><\/span><div class=\"wp-block-cover__inner-container is-layout-flow wp-container-core-cover-is-layout-f28e7391 wp-block-cover-is-layout-flow\">\n<div class=\"wp-block-columns alignfull is-layout-flex wp-container-core-columns-is-layout-28f84493 wp-block-columns-is-layout-flex\">\n<div class=\"wp-block-column is-vertically-aligned-top has-ast-global-color-2-color has-ast-global-color-5-background-color has-text-color has-background has-link-color wp-elements-4a9a633dba7a4c88574b702fe63a3f24 is-layout-flow wp-block-column-is-layout-flow\" style=\"padding-top:20px;padding-right:20px;padding-bottom:20px;padding-left:20px\">\n<p class=\"has-text-align-center\">Die Praxis ist von Dienstag dem 26. Mai (nach Pfingsten) bis Freitag den 5. Juni 2026 aufgrund eines Urlaubes geschlossen. Ab Montag dem 8. Juni 2026 sind wir wieder hier. Vertretung in Notf\u00e4llen am besten \u00fcber den Hausarzt, oder ggf. f\u00fcr z.B. Rezepte: Dres. med. Christiansen\/Kompisch\/St\u00e4cker\/Weilandt\/ Meyer-Diekiena\/ von Olting\/Banger &#8211; Am Rosenplatz 3 \/1. Stock, 21465 Reinbek, Tel. 040 &#8211; 751 14 990.<\/p>\n\n\n\n<p class=\"has-text-align-center\"><\/p>\n\n\n\n<p class=\"has-text-align-center\"><br><br><\/p>\n\n\n\n<p class=\"has-text-align-center\"><\/p>\n\n\n\n<p class=\"has-text-align-center\">Au\u00dferhalb der \u00fcblichen Sprechzeitensuchen Sie die Notdienstpraxis im St. Adolf-Stift in der Hamburger Str. 41 in Reinbek auf. Sprechzeiten: Mo, Di, Do: 19:00-21:00, Mi und Fr: 17:00-21:00, Sa, So, Feiertag: 10:00-13:00 und 17:00-21:00<\/p>\n\n\n\n<p class=\"has-text-align-center\">Oder rufen Sie den &nbsp;\u00c4rztlichen Notdienst an, unter: 116 117 \u2013 oder in ganz dringenden F\u00e4llen den allgemeinen Rettungsdienst unter 112.<\/p>\n\n\n\n<p class=\"has-text-align-center\">Mit vielen Gr\u00fc\u00dfen, gute Besserung!  Ihr Praxisteam<\/p>\n\n\n\n<p class=\"has-text-align-center\"><\/p>\n\n\n\n<p class=\"has-text-align-center\"><\/p>\n\n\n\n<p><\/p>\n\n\n\n<p class=\"has-text-align-center\"><strong>Au\u00dferhalb der \u00fcblichen Sprechzeiten<\/strong> suchen Sie bitte die <strong>Notdienstpraxis im Krankenhaus Reinbek<\/strong>, St. Adolf-Stift, Hamburger Str. 41 auf:<br>Mo, Di, Do: 19:00-21:00; Mi\/ Fr: 17:00-21:00Sa, So, Feiertag: 10:00-13:00 und 17:00-21:00<br>Oder den \u00c4rztlicher Notdienst: 116&nbsp; 117; Oder wenn notwendig: 112<\/p>\n\n\n\n<p class=\"has-ast-global-color-5-color has-text-color has-small-font-size\"><\/p>\n<\/div>\n<\/div>\n\n\n\n<div class=\"wp-block-columns is-layout-flex wp-container-core-columns-is-layout-28f84493 wp-block-columns-is-layout-flex\">\n<div class=\"wp-block-column has-ast-global-color-2-color has-ast-global-color-5-background-color has-text-color has-background has-link-color wp-elements-8f9e60988c16eb7a53fdec96c7cdf3af is-layout-flow wp-block-column-is-layout-flow\" style=\"padding-top:20px;padding-right:20px;padding-bottom:20px;padding-left:20px\">\n<h4 class=\"wp-block-heading\">Anschrift der Praxis<\/h4>\n\n\n\n<p class=\"has-small-font-size\">Bahnhofstr. 9<br>21465 Reinbek<\/p>\n\n\n\n<a href=\"tel:+49407228393\"> Tel.: 040\/7228393 <\/a><br>Fax: 040\/7228466\n<br><br>\n<a href=\"mailto:info@dr-holger-hein.de\">E-Mail: info@dr-holger-hein.de<\/a><br><small><p style=\"color:red\">Bitte geben Sie in der E-Mail auch eine Telefonnummer f\u00fcr eventuelle R\u00fcckfragen an.<\/p><\/small>\n\n\n\n<p class=\"has-small-font-size\"><\/p>\n<\/div>\n\n\n\n<div class=\"wp-block-column has-ast-global-color-2-color has-ast-global-color-5-background-color has-text-color has-background has-link-color wp-elements-8fa8ff003a1c09fea74a912fd7ec4895 is-layout-flow wp-block-column-is-layout-flow\" style=\"padding-top:20px;padding-right:20px;padding-bottom:20px;padding-left:20px\">\n<h4 class=\"wp-block-heading\">Sprechzeiten der Praxis<\/h4>\n\n\n\n<p class=\"has-small-font-size\">Mo &#8211; Fr: 9:00 &#8211; 13:00 Uhr,&nbsp;<br>Di: 14:30 &#8211; 17:00 Uhr<\/p>\n\n\n\n<p class=\"has-small-font-size\"><strong>Terminvereinbarung erforderlich<\/strong><\/p>\n<\/div>\n\n\n\n<div class=\"wp-block-column has-ast-global-color-2-color has-ast-global-color-5-background-color has-text-color has-background has-link-color wp-elements-cf994ca2e1723ecd5c07d54373b9c638 is-layout-flow wp-block-column-is-layout-flow\" style=\"padding-top:20px;padding-right:20px;padding-bottom:20px;padding-left:20px\">\n<h4 class=\"wp-block-heading\">Anschrift des Schlaflabors<\/h4>\n\n\n\n<p class=\"has-small-font-size\">In der Asklepios-Klinik St. Georg<br>Lohm\u00fchlenstra\u00dfe 5<br>20099 Hamburg<\/p>\n\n\n\n<p class=\"has-small-font-size\">Tel.: 040\/78104771<br><\/p>\n<\/div>\n<\/div>\n\n\n\n<p class=\"has-ast-global-color-2-color has-ast-global-color-5-background-color has-text-color has-background has-small-font-size\">F\u00fcr technische Fragen und Probleme<br>mit Ger\u00e4t und Maske melden Sie sich bitte bei Ihrem medizintechnischem Versorger (s. Aufkleber auf Ihrem Druckatmungsger\u00e4t)<\/p>\n<\/div><\/div>\n\n\n\n<p><\/p>\n","protected":false},"excerpt":{"rendered":"","protected":false},"author":1,"featured_media":0,"parent":0,"menu_order":0,"comment_status":"closed","ping_status":"closed","template":"","meta":{"_uag_custom_page_level_css":"","site-sidebar-layout":"no-sidebar","site-content-layout":"plain-container","ast-site-content-layout":"normal-width-container","site-content-style":"unboxed","site-sidebar-style":"unboxed","ast-global-header-display":"","ast-banner-title-visibility":"","ast-main-header-display":"","ast-hfb-above-header-display":"","ast-hfb-below-header-display":"","ast-hfb-mobile-header-display":"","site-post-title":"","ast-breadcrumbs-content":"","ast-featured-img":"disabled","footer-sml-layout":"","ast-disable-related-posts":"","theme-transparent-header-meta":"enabled","adv-header-id-meta":"","stick-header-meta":"","header-above-stick-meta":"","header-main-stick-meta":"","header-below-stick-meta":"","astra-migrate-meta-layouts":"set","ast-page-background-enabled":"default","ast-page-background-meta":{"desktop":{"background-color":"","background-image":"","background-repeat":"repeat","background-position":"center center","background-size":"auto","background-attachment":"scroll","background-type":"","background-media":"","overlay-type":"","overlay-color":"","overlay-opacity":"","overlay-gradient":""},"tablet":{"background-color":"","background-image":"","background-repeat":"repeat","background-position":"center center","background-size":"auto","background-attachment":"scroll","background-type":"","background-media":"","overlay-type":"","overlay-color":"","overlay-opacity":"","overlay-gradient":""},"mobile":{"background-color":"","background-image":"","background-repeat":"repeat","background-position":"center center","background-size":"auto","background-attachment":"scroll","background-type":"","background-media":"","overlay-type":"","overlay-color":"","overlay-opacity":"","overlay-gradient":""}},"ast-content-background-meta":{"desktop":{"background-color":"var(--ast-global-color-5)","background-image":"","background-repeat":"repeat","background-position":"center center","background-size":"auto","background-attachment":"scroll","background-type":"","background-media":"","overlay-type":"","overlay-color":"","overlay-opacity":"","overlay-gradient":""},"tablet":{"background-color":"var(--ast-global-color-5)","background-image":"","background-repeat":"repeat","background-position":"center center","background-size":"auto","background-attachment":"scroll","background-type":"","background-media":"","overlay-type":"","overlay-color":"","overlay-opacity":"","overlay-gradient":""},"mobile":{"background-color":"var(--ast-global-color-5)","background-image":"","background-repeat":"repeat","background-position":"center center","background-size":"auto","background-attachment":"scroll","background-type":"","background-media":"","overlay-type":"","overlay-color":"","overlay-opacity":"","overlay-gradient":""}},"footnotes":""},"class_list":["post-242","page","type-page","status-publish","hentry"],"uagb_featured_image_src":{"full":false,"thumbnail":false,"medium":false,"medium_large":false,"large":false,"1536x1536":false,"2048x2048":false},"uagb_author_info":{"display_name":"admin","author_link":"https:\/\/dr-holger-hein.de\/reloaded\/author\/admin\/"},"uagb_comment_info":0,"uagb_excerpt":null,"_links":{"self":[{"href":"https:\/\/dr-holger-hein.de\/reloaded\/wp-json\/wp\/v2\/pages\/242","targetHints":{"allow":["GET"]}}],"collection":[{"href":"https:\/\/dr-holger-hein.de\/reloaded\/wp-json\/wp\/v2\/pages"}],"about":[{"href":"https:\/\/dr-holger-hein.de\/reloaded\/wp-json\/wp\/v2\/types\/page"}],"author":[{"embeddable":true,"href":"https:\/\/dr-holger-hein.de\/reloaded\/wp-json\/wp\/v2\/users\/1"}],"replies":[{"embeddable":true,"href":"https:\/\/dr-holger-hein.de\/reloaded\/wp-json\/wp\/v2\/comments?post=242"}],"version-history":[{"count":124,"href":"https:\/\/dr-holger-hein.de\/reloaded\/wp-json\/wp\/v2\/pages\/242\/revisions"}],"predecessor-version":[{"id":1533,"href":"https:\/\/dr-holger-hein.de\/reloaded\/wp-json\/wp\/v2\/pages\/242\/revisions\/1533"}],"wp:attachment":[{"href":"https:\/\/dr-holger-hein.de\/reloaded\/wp-json\/wp\/v2\/media?parent=242"}],"curies":[{"name":"wp","href":"https:\/\/api.w.org\/{rel}","templated":true}]}}