{"id":1027,"date":"2022-09-20T09:43:58","date_gmt":"2022-09-20T07:43:58","guid":{"rendered":"https:\/\/dr-holger-hein.de\/reloaded\/?page_id=1027"},"modified":"2022-09-20T13:12:57","modified_gmt":"2022-09-20T11:12:57","slug":"leistungen","status":"publish","type":"page","link":"https:\/\/dr-holger-hein.de\/reloaded\/leistungen\/","title":{"rendered":"Leistungen"},"content":{"rendered":"\n<div class=\"wp-block-cover alignfull\" style=\"min-height:316px;aspect-ratio:unset;\"><span aria-hidden=\"true\" class=\"wp-block-cover__background has-ast-global-color-4-background-color has-background-dim-100 has-background-dim\"><\/span><div class=\"wp-block-cover__inner-container is-layout-flow wp-block-cover-is-layout-flow\">\n<div style=\"height:128px\" aria-hidden=\"true\" class=\"wp-block-spacer\"><\/div>\n\n\n\n<div class=\"wp-block-uagb-container uagb-block-711f298e\">\n<div class=\"wp-block-columns is-layout-flex wp-container-core-columns-is-layout-28f84493 wp-block-columns-is-layout-flex\">\n<div class=\"wp-block-column is-layout-flow wp-block-column-is-layout-flow\" style=\"flex-basis:100%\">\n<div class=\"wp-block-uagb-container uagb-block-541612de\">\n<h1 class=\"has-black-color has-text-color wp-block-heading\">Leistungen<\/h1>\n<\/div>\n<\/div>\n<\/div>\n\n\n\n<div class=\"wp-block-uagb-container uagb-block-83f645ff\"><\/div>\n<\/div>\n<\/div><\/div>\n\n\n\n<h3 class=\"wp-block-heading\">Diagnostik und Therapie<\/h3>\n\n\n\n<ul class=\"wp-block-list\"><li>N\u00e4chtliche Atmungsst\u00f6rungen: Schnarchen,<\/li><li>Obstruktive\/zentrale Schlafapnoe, Schlaf-Hypoventilation,<\/li><li>Ein- und Durchschlafst\u00f6rungen-aller Lungenerkrankungen,<\/li><li>Allergischer Erkrankungen,<\/li><li>Herz-Kreislauf-Erkrankungen.<\/li><\/ul>\n\n\n\n<div style=\"height:100px\" aria-hidden=\"true\" class=\"wp-block-spacer\"><\/div>\n\n\n\n<h3 class=\"wp-block-heading\">Schulungen<\/h3>\n\n\n\n<ul class=\"wp-block-list\"><li>Obstruktive und zentrale Schlafapnoe,<\/li><li>Zertifizierte Schlafschule &#8211; in Kooperation,<\/li><li>Ein- und Durchschlafst\u00f6rungen -in Kooperation.<\/li><\/ul>\n\n\n\n<div style=\"height:100px\" aria-hidden=\"true\" class=\"wp-block-spacer\"><\/div>\n\n\n\n<p>Wir pflegen eine intensive Zusammenarbeit mit Haus- und Fach\u00e4rzten, Lungenfachkliniken, neurologischen Kliniken, speziellen universit\u00e4ren Zentren in Deutschland sowie dem St. Adolf-Stift\/Reinbek und anderen Krankenh\u00e4usern in Hamburg und Umgebung.<\/p>\n","protected":false},"excerpt":{"rendered":"<p>Diagnostik und Therapie N\u00e4chtliche Atmungsst\u00f6rungen: Schnarchen, Obstruktive\/zentrale Schlafapnoe, Schlaf-Hypoventilation, Ein- und Durchschlafst\u00f6rungen-aller Lungenerkrankungen, Allergischer Erkrankungen, Herz-Kreislauf-Erkrankungen. Schulungen Obstruktive und zentrale Schlafapnoe, Zertifizierte Schlafschule &#8211; in Kooperation, Ein- und Durchschlafst\u00f6rungen -in Kooperation. Wir pflegen eine intensive Zusammenarbeit mit Haus- und Fach\u00e4rzten, Lungenfachkliniken, neurologischen Kliniken, speziellen universit\u00e4ren Zentren in Deutschland sowie dem St. Adolf-Stift\/Reinbek und anderen Krankenh\u00e4usern [&hellip;]<\/p>\n","protected":false},"author":1,"featured_media":0,"parent":0,"menu_order":0,"comment_status":"closed","ping_status":"closed","template":"","meta":{"_uag_custom_page_level_css":"","site-sidebar-layout":"no-sidebar","site-content-layout":"plain-container","ast-site-content-layout":"default","site-content-style":"default","site-sidebar-style":"default","ast-global-header-display":"","ast-banner-title-visibility":"","ast-main-header-display":"","ast-hfb-above-header-display":"","ast-hfb-below-header-display":"","ast-hfb-mobile-header-display":"","site-post-title":"disabled","ast-breadcrumbs-content":"","ast-featured-img":"","footer-sml-layout":"","ast-disable-related-posts":"","theme-transparent-header-meta":"enabled","adv-header-id-meta":"","stick-header-meta":"","header-above-stick-meta":"","header-main-stick-meta":"","header-below-stick-meta":"","astra-migrate-meta-layouts":"default","ast-page-background-enabled":"default","ast-page-background-meta":{"desktop":{"background-color":"","background-image":"","background-repeat":"repeat","background-position":"center center","background-size":"auto","background-attachment":"scroll","background-type":"","background-media":"","overlay-type":"","overlay-color":"","overlay-opacity":"","overlay-gradient":""},"tablet":{"background-color":"","background-image":"","background-repeat":"repeat","background-position":"center center","background-size":"auto","background-attachment":"scroll","background-type":"","background-media":"","overlay-type":"","overlay-color":"","overlay-opacity":"","overlay-gradient":""},"mobile":{"background-color":"","background-image":"","background-repeat":"repeat","background-position":"center center","background-size":"auto","background-attachment":"scroll","background-type":"","background-media":"","overlay-type":"","overlay-color":"","overlay-opacity":"","overlay-gradient":""}},"ast-content-background-meta":{"desktop":{"background-color":"var(--ast-global-color-5)","background-image":"","background-repeat":"repeat","background-position":"center center","background-size":"auto","background-attachment":"scroll","background-type":"","background-media":"","overlay-type":"","overlay-color":"","overlay-opacity":"","overlay-gradient":""},"tablet":{"background-color":"var(--ast-global-color-5)","background-image":"","background-repeat":"repeat","background-position":"center center","background-size":"auto","background-attachment":"scroll","background-type":"","background-media":"","overlay-type":"","overlay-color":"","overlay-opacity":"","overlay-gradient":""},"mobile":{"background-color":"var(--ast-global-color-5)","background-image":"","background-repeat":"repeat","background-position":"center center","background-size":"auto","background-attachment":"scroll","background-type":"","background-media":"","overlay-type":"","overlay-color":"","overlay-opacity":"","overlay-gradient":""}},"footnotes":""},"class_list":["post-1027","page","type-page","status-publish","hentry"],"uagb_featured_image_src":{"full":false,"thumbnail":false,"medium":false,"medium_large":false,"large":false,"1536x1536":false,"2048x2048":false},"uagb_author_info":{"display_name":"admin","author_link":"https:\/\/dr-holger-hein.de\/reloaded\/author\/admin\/"},"uagb_comment_info":0,"uagb_excerpt":"Diagnostik und Therapie N\u00e4chtliche Atmungsst\u00f6rungen: Schnarchen, Obstruktive\/zentrale Schlafapnoe, Schlaf-Hypoventilation, Ein- und Durchschlafst\u00f6rungen-aller Lungenerkrankungen, Allergischer Erkrankungen, Herz-Kreislauf-Erkrankungen. Schulungen Obstruktive und zentrale Schlafapnoe, Zertifizierte Schlafschule &#8211; in Kooperation, Ein- und Durchschlafst\u00f6rungen -in Kooperation. Wir pflegen eine intensive Zusammenarbeit mit Haus- und Fach\u00e4rzten, Lungenfachkliniken, neurologischen Kliniken, speziellen universit\u00e4ren Zentren in Deutschland sowie dem St. Adolf-Stift\/Reinbek und anderen Krankenh\u00e4usern&hellip;","_links":{"self":[{"href":"https:\/\/dr-holger-hein.de\/reloaded\/wp-json\/wp\/v2\/pages\/1027","targetHints":{"allow":["GET"]}}],"collection":[{"href":"https:\/\/dr-holger-hein.de\/reloaded\/wp-json\/wp\/v2\/pages"}],"about":[{"href":"https:\/\/dr-holger-hein.de\/reloaded\/wp-json\/wp\/v2\/types\/page"}],"author":[{"embeddable":true,"href":"https:\/\/dr-holger-hein.de\/reloaded\/wp-json\/wp\/v2\/users\/1"}],"replies":[{"embeddable":true,"href":"https:\/\/dr-holger-hein.de\/reloaded\/wp-json\/wp\/v2\/comments?post=1027"}],"version-history":[{"count":4,"href":"https:\/\/dr-holger-hein.de\/reloaded\/wp-json\/wp\/v2\/pages\/1027\/revisions"}],"predecessor-version":[{"id":1100,"href":"https:\/\/dr-holger-hein.de\/reloaded\/wp-json\/wp\/v2\/pages\/1027\/revisions\/1100"}],"wp:attachment":[{"href":"https:\/\/dr-holger-hein.de\/reloaded\/wp-json\/wp\/v2\/media?parent=1027"}],"curies":[{"name":"wp","href":"https:\/\/api.w.org\/{rel}","templated":true}]}}